{"id":999,"date":"2025-02-26T13:31:26","date_gmt":"2025-02-26T12:31:26","guid":{"rendered":"https:\/\/estudioverna.com\/?page_id=999"},"modified":"2025-03-05T17:26:45","modified_gmt":"2025-03-05T16:26:45","slug":"consulta","status":"publish","type":"page","link":"https:\/\/estudioverna.com\/es\/consulta\/","title":{"rendered":"Consulta"},"content":{"rendered":"<section class=\"l-section wpb_row height_medium\"><div class=\"l-section-h i-cf\"><div class=\"g-cols vc_row via_grid cols_1 laptops-cols_inherit tablets-cols_inherit mobiles-cols_1 valign_top type_default stacking_default\"><div class=\"wpb_column vc_column_container\"><div class=\"vc_column-inner\"><div class=\"g-cols wpb_row via_grid cols_1 laptops-cols_inherit tablets-cols_inherit mobiles-cols_1 valign_top type_default stacking_default\" style=\"--gap:3rem;\"><div class=\"wpb_column vc_column_container\"><div class=\"vc_column-inner\"><\/div><\/div><\/div><div class=\"w-vwrapper align_left valign_top\"><div class=\"wpb_text_column\"><div class=\"wpb_wrapper\"><p>En nuestro estudio, creemos que cada proyecto comienza con una buena conversaci\u00f3n. Por eso, te ofrecemos una <strong data-start=\"337\" data-end=\"370\">primera reuni\u00f3n online 100% gratuita<\/strong>, donde podremos conocernos, entender tu visi\u00f3n y explicarte c\u00f3mo trabajamos.<\/p>\n<\/div><\/div><\/div><div class=\"w-separator size_medium\"><\/div><div class=\"wpb_text_column\"><div class=\"wpb_wrapper\"><iframe src=\"https:\/\/estudioverna.com\/es\/wp-json\/ssa\/v1\/embed-inner?integration&type=consulta-verna&label&types=1&edit&view&payment_provider&ssa_locale=es_ES&ssa_is_rtl&sid=c525b8ab6718cc56724ae9f9edb2c2eb2f386038&availability_start_date&availability_end_date&suggest_first_available&suggest_first_available_within_minutes&flow&fallback_flow&time_view&date_view&appointment_types_view&version&accent_color&background&padding&font&booking_url=https%3A%2F%2Festudioverna.com%2Fes%2Fconsulta%2F&booking_post_id=999&booking_title=Consulta&_wpnonce=33d0e693a7&redirect_post_id&defer&mepr_membership_id#\/\" height=\"400px\" width=\"100%\" name=\"ssa_booking\" loading=\"eager\" frameborder=\"0\" data-skip-lazy=\"1\" class=\"ssa_booking_iframe skip-lazy\" title=\"Reservar una hora\"><\/iframe>\n<\/div><\/div><\/div><\/div><\/div><\/div><\/section>\n","protected":false},"excerpt":{"rendered":"En nuestro estudio, creemos que cada proyecto comienza con una buena conversaci\u00f3n. Por eso, te ofrecemos una primera reuni\u00f3n online 100% gratuita, donde podremos conocernos, entender tu visi\u00f3n y explicarte c\u00f3mo trabajamos.","protected":false},"author":1,"featured_media":0,"parent":0,"menu_order":0,"comment_status":"closed","ping_status":"closed","template":"","meta":{"footnotes":""},"class_list":["post-999","page","type-page","status-publish","hentry"],"yoast_head":"<!-- This site is optimized with the Yoast SEO plugin v27.5 - https:\/\/yoast.com\/product\/yoast-seo-wordpress\/ -->\n<title>Consulta - Estudio Verna<\/title>\n<meta name=\"robots\" content=\"index, follow, max-snippet:-1, max-image-preview:large, max-video-preview:-1\" \/>\n<link rel=\"canonical\" href=\"https:\/\/estudioverna.com\/consultation\/\" \/>\n<meta property=\"og:locale\" content=\"es_ES\" \/>\n<meta property=\"og:type\" content=\"article\" \/>\n<meta property=\"og:title\" content=\"Consulta - Estudio Verna\" \/>\n<meta property=\"og:url\" content=\"https:\/\/estudioverna.com\/consultation\/\" \/>\n<meta property=\"og:site_name\" content=\"Estudio Verna\" \/>\n<meta property=\"article:modified_time\" content=\"2025-03-05T16:26:45+00:00\" \/>\n<meta name=\"twitter:card\" content=\"summary_large_image\" \/>\n<script type=\"application\/ld+json\" class=\"yoast-schema-graph\">{\"@context\":\"https:\\\/\\\/schema.org\",\"@graph\":[{\"@type\":\"WebPage\",\"@id\":\"https:\\\/\\\/estudioverna.com\\\/consultation\\\/\",\"url\":\"https:\\\/\\\/estudioverna.com\\\/consultation\\\/\",\"name\":\"Consulta - Estudio Verna\",\"isPartOf\":{\"@id\":\"https:\\\/\\\/estudioverna.com\\\/#website\"},\"datePublished\":\"2025-02-26T12:31:26+00:00\",\"dateModified\":\"2025-03-05T16:26:45+00:00\",\"breadcrumb\":{\"@id\":\"https:\\\/\\\/estudioverna.com\\\/consultation\\\/#breadcrumb\"},\"inLanguage\":\"es\",\"potentialAction\":[{\"@type\":\"ReadAction\",\"target\":[\"https:\\\/\\\/estudioverna.com\\\/consultation\\\/\"]}]},{\"@type\":\"BreadcrumbList\",\"@id\":\"https:\\\/\\\/estudioverna.com\\\/consultation\\\/#breadcrumb\",\"itemListElement\":[{\"@type\":\"ListItem\",\"position\":1,\"name\":\"Portada\",\"item\":\"https:\\\/\\\/estudioverna.com\\\/es\\\/\"},{\"@type\":\"ListItem\",\"position\":2,\"name\":\"Consulta\"}]},{\"@type\":\"WebSite\",\"@id\":\"https:\\\/\\\/estudioverna.com\\\/#website\",\"url\":\"https:\\\/\\\/estudioverna.com\\\/\",\"name\":\"Estudio Verna\",\"description\":\"Architect in Barcelona \u00b7 Costa Brava\",\"potentialAction\":[{\"@type\":\"SearchAction\",\"target\":{\"@type\":\"EntryPoint\",\"urlTemplate\":\"https:\\\/\\\/estudioverna.com\\\/?s={search_term_string}\"},\"query-input\":{\"@type\":\"PropertyValueSpecification\",\"valueRequired\":true,\"valueName\":\"search_term_string\"}}],\"inLanguage\":\"es\"}]}<\/script>\n<!-- \/ Yoast SEO plugin. -->","yoast_head_json":{"title":"Consulta - Estudio Verna","robots":{"index":"index","follow":"follow","max-snippet":"max-snippet:-1","max-image-preview":"max-image-preview:large","max-video-preview":"max-video-preview:-1"},"canonical":"https:\/\/estudioverna.com\/consultation\/","og_locale":"es_ES","og_type":"article","og_title":"Consulta - Estudio Verna","og_url":"https:\/\/estudioverna.com\/consultation\/","og_site_name":"Estudio Verna","article_modified_time":"2025-03-05T16:26:45+00:00","twitter_card":"summary_large_image","schema":{"@context":"https:\/\/schema.org","@graph":[{"@type":"WebPage","@id":"https:\/\/estudioverna.com\/consultation\/","url":"https:\/\/estudioverna.com\/consultation\/","name":"Consulta - Estudio Verna","isPartOf":{"@id":"https:\/\/estudioverna.com\/#website"},"datePublished":"2025-02-26T12:31:26+00:00","dateModified":"2025-03-05T16:26:45+00:00","breadcrumb":{"@id":"https:\/\/estudioverna.com\/consultation\/#breadcrumb"},"inLanguage":"es","potentialAction":[{"@type":"ReadAction","target":["https:\/\/estudioverna.com\/consultation\/"]}]},{"@type":"BreadcrumbList","@id":"https:\/\/estudioverna.com\/consultation\/#breadcrumb","itemListElement":[{"@type":"ListItem","position":1,"name":"Portada","item":"https:\/\/estudioverna.com\/es\/"},{"@type":"ListItem","position":2,"name":"Consulta"}]},{"@type":"WebSite","@id":"https:\/\/estudioverna.com\/#website","url":"https:\/\/estudioverna.com\/","name":"Estudio Verna","description":"Architect in Barcelona \u00b7 Costa Brava","potentialAction":[{"@type":"SearchAction","target":{"@type":"EntryPoint","urlTemplate":"https:\/\/estudioverna.com\/?s={search_term_string}"},"query-input":{"@type":"PropertyValueSpecification","valueRequired":true,"valueName":"search_term_string"}}],"inLanguage":"es"}]}},"jetpack_shortlink":"https:\/\/wp.me\/PfMXPq-g7","_links":{"self":[{"href":"https:\/\/estudioverna.com\/es\/wp-json\/wp\/v2\/pages\/999","targetHints":{"allow":["GET"]}}],"collection":[{"href":"https:\/\/estudioverna.com\/es\/wp-json\/wp\/v2\/pages"}],"about":[{"href":"https:\/\/estudioverna.com\/es\/wp-json\/wp\/v2\/types\/page"}],"author":[{"embeddable":true,"href":"https:\/\/estudioverna.com\/es\/wp-json\/wp\/v2\/users\/1"}],"replies":[{"embeddable":true,"href":"https:\/\/estudioverna.com\/es\/wp-json\/wp\/v2\/comments?post=999"}],"version-history":[{"count":8,"href":"https:\/\/estudioverna.com\/es\/wp-json\/wp\/v2\/pages\/999\/revisions"}],"predecessor-version":[{"id":1303,"href":"https:\/\/estudioverna.com\/es\/wp-json\/wp\/v2\/pages\/999\/revisions\/1303"}],"wp:attachment":[{"href":"https:\/\/estudioverna.com\/es\/wp-json\/wp\/v2\/media?parent=999"}],"curies":[{"name":"wp","href":"https:\/\/api.w.org\/{rel}","templated":true}]}}