{"id":1697,"date":"2025-03-17T10:47:25","date_gmt":"2025-03-17T09:47:25","guid":{"rendered":"https:\/\/estudioverna.com\/?page_id=1697"},"modified":"2025-03-21T15:57:01","modified_gmt":"2025-03-21T14:57:01","slug":"aviso-legal","status":"publish","type":"page","link":"https:\/\/estudioverna.com\/es\/aviso-legal\/","title":{"rendered":"Aviso Legal"},"content":{"rendered":"<section class=\"l-section wpb_row height_medium\"><div class=\"l-section-h i-cf\"><div class=\"g-cols vc_row via_grid cols_1 laptops-cols_inherit tablets-cols_inherit mobiles-cols_1 valign_top type_default stacking_default\"><div class=\"wpb_column vc_column_container\"><div class=\"vc_column-inner\"><div class=\"wpb_text_column\"><div class=\"wpb_wrapper\"><h1>Aviso Legal<\/h1>\n<\/div><\/div><div class=\"wpb_text_column\"><div class=\"wpb_wrapper\"><ol>\n<li>\n<p class=\"\" data-start=\"279\" data-end=\"527\"><strong data-start=\"279\" data-end=\"303\">1. Datos del Titular<\/strong><br data-start=\"303\" data-end=\"306\" \/>En cumplimiento con el deber de informaci\u00f3n recogido en el art\u00edculo 10 de la Ley 34\/2002, de 11 de julio, de Servicios de la Sociedad de la Informaci\u00f3n y Comercio Electr\u00f3nico (LSSI-CE), se informan los siguientes datos:<\/p>\n<ul data-start=\"528\" data-end=\"687\">\n<li class=\"\" data-start=\"528\" data-end=\"549\">\n<p class=\"\" data-start=\"530\" data-end=\"549\"><strong data-start=\"530\" data-end=\"542\">Titular:<\/strong> Weronika Frycz<\/p>\n<\/li>\n<li class=\"\" data-start=\"550\" data-end=\"571\">\n<p class=\"\" data-start=\"552\" data-end=\"571\"><strong data-start=\"552\" data-end=\"564\">NIF\/CIF:<\/strong> Y5831782P<\/p>\n<\/li>\n<li class=\"\" data-start=\"572\" data-end=\"595\">\n<p class=\"\" data-start=\"574\" data-end=\"595\"><strong data-start=\"574\" data-end=\"588\">Direcci\u00f3n:<\/strong> Joaquim Valls 84, AT, 08016 Barcelona<\/p>\n<\/li>\n<li class=\"\" data-start=\"596\" data-end=\"628\">\n<p class=\"\" data-start=\"598\" data-end=\"628\"><strong data-start=\"598\" data-end=\"621\">Correo electr\u00f3nico:<\/strong> hola@estudioverna.com<\/p>\n<\/li>\n<li class=\"\" data-start=\"629\" data-end=\"663\">\n<p class=\"\" data-start=\"631\" data-end=\"663\"><strong data-start=\"631\" data-end=\"656\">Tel\u00e9fono de contacto:<\/strong> +34 611 548 719<\/p>\n<\/li>\n<li class=\"\" data-start=\"664\" data-end=\"687\">\n<p class=\"\" data-start=\"666\" data-end=\"687\"><strong data-start=\"666\" data-end=\"680\">Sitio web:<\/strong> <a href=\"http:\/\/www.estudioverna.com\" rel=\"nofollow\">http:\/\/www.estudioverna.com<\/a><\/p>\n<\/li>\n<\/ul>\n<p class=\"\" data-start=\"689\" data-end=\"815\"><strong data-start=\"689\" data-end=\"702\">2. Objeto<\/strong><br data-start=\"702\" data-end=\"705\" \/>El presente Aviso Legal regula el acceso, navegaci\u00f3n y uso del sitio web <a href=\"http:\/\/www.estudioverna.com\" rel=\"nofollow\">http:\/\/www.estudioverna.com<\/a> (en adelante, \u00abel Sitio Web\u00bb).<\/p>\n<p class=\"\" data-start=\"817\" data-end=\"1068\"><strong data-start=\"817\" data-end=\"842\">3. Condiciones de Uso<\/strong><br data-start=\"842\" data-end=\"845\" \/>El acceso y uso del sitio web implica la aceptaci\u00f3n plena y sin reservas de las condiciones establecidas en este Aviso Legal. Si el usuario no est\u00e1 de acuerdo con las condiciones, debe abstenerse de utilizar el sitio web.<\/p>\n<p class=\"\" data-start=\"1070\" data-end=\"1200\">El usuario se compromete a hacer un uso adecuado del sitio web, respetando la legalidad vigente, la buena fe y el orden p\u00fablico.<\/p>\n<p class=\"\" data-start=\"1202\" data-end=\"1535\"><strong data-start=\"1202\" data-end=\"1243\">4. Propiedad Intelectual e Industrial<\/strong><br data-start=\"1243\" data-end=\"1246\" \/>Todos los contenidos del sitio web, incluyendo textos, im\u00e1genes, gr\u00e1ficos, logotipos, iconos, software, nombres comerciales, marcas o signos distintivos, est\u00e1n protegidos por los derechos de propiedad intelectual e industrial de <a href=\"http:\/\/www.estudioverna.com\" rel=\"nofollow\">http:\/\/www.estudioverna.com<\/a> o, en su caso, de terceros que han autorizado su uso.<\/p>\n<p class=\"\" data-start=\"1537\" data-end=\"1714\">Queda prohibida la reproducci\u00f3n, distribuci\u00f3n, comunicaci\u00f3n p\u00fablica, transformaci\u00f3n o cualquier otra forma de explotaci\u00f3n sin la autorizaci\u00f3n previa y por escrito del titular.<\/p>\n<p class=\"\" data-start=\"1716\" data-end=\"1924\"><strong data-start=\"1716\" data-end=\"1738\">5. Responsabilidad<\/strong><br data-start=\"1738\" data-end=\"1741\" \/><a href=\"http:\/\/www.estudioverna.com\" rel=\"nofollow\">http:\/\/www.estudioverna.com<\/a> no se hace responsable de los da\u00f1os o perjuicios que pudieran derivarse del uso indebido del sitio web por parte de los usuarios o de la informaci\u00f3n proporcionada por terceros.<\/p>\n<p class=\"\" data-start=\"1926\" data-end=\"2148\">El titular no garantiza la inexistencia de errores en el acceso al sitio web, en su contenido, ni que este se encuentre actualizado. No obstante, realizar\u00e1 los esfuerzos necesarios para evitar y subsanar cualquier error.<\/p>\n<p class=\"\" data-start=\"2150\" data-end=\"2452\"><strong data-start=\"2150\" data-end=\"2175\">6. Enlaces a Terceros<\/strong><br data-start=\"2175\" data-end=\"2178\" \/>El sitio web puede contener enlaces a sitios web de terceros. <a href=\"http:\/\/www.estudioverna.com\" rel=\"nofollow\">http:\/\/www.estudioverna.com<\/a> no se responsabiliza del contenido, pol\u00edticas de privacidad o pr\u00e1cticas de dichos sitios. La inclusi\u00f3n de estos enlaces no implica una asociaci\u00f3n o relaci\u00f3n con las entidades responsables de dichos sitios.<\/p>\n<p class=\"\" data-start=\"2454\" data-end=\"2666\"><strong data-start=\"2454\" data-end=\"2480\">7. Protecci\u00f3n de Datos<\/strong><br data-start=\"2480\" data-end=\"2483\" \/>El tratamiento de los datos personales se rige por lo dispuesto en la <strong data-start=\"2553\" data-end=\"2579\">Pol\u00edtica de Privacidad<\/strong>, que puede consultarse en el siguiente enlace:\u00a0 <a href=\"https:\/\/estudioverna.com\/politica-privacidad\/\" target=\"_blank\" rel=\"noopener\">pol\u00edtica de privacidad<\/a>.<\/p>\n<p class=\"\" data-start=\"2668\" data-end=\"2912\"><strong data-start=\"2668\" data-end=\"2711\">8. Legislaci\u00f3n Aplicable y Jurisdicci\u00f3n<\/strong><br data-start=\"2711\" data-end=\"2714\" \/>Para la resoluci\u00f3n de cualquier conflicto derivado del acceso o uso del sitio web, se aplicar\u00e1 la legislaci\u00f3n espa\u00f1ola. Las partes se someten a los juzgados y tribunales del domicilio del usuario.<\/p>\n<\/li>\n<\/ol>\n<\/div><\/div><\/div><\/div><\/div><\/div><\/section>","protected":false},"excerpt":{"rendered":"Aviso Legal 1. Datos del TitularEn cumplimiento con el deber de informaci\u00f3n recogido en el art\u00edculo 10 de la Ley 34\/2002, de 11 de julio, de Servicios de la Sociedad de la Informaci\u00f3n y Comercio Electr\u00f3nico (LSSI-CE), se informan los siguientes datos: Titular: Weronika Frycz NIF\/CIF: Y5831782P Direcci\u00f3n: Joaquim Valls 84, AT, 08016 Barcelona Correo...","protected":false},"author":1,"featured_media":0,"parent":0,"menu_order":0,"comment_status":"closed","ping_status":"closed","template":"","meta":{"footnotes":""},"class_list":["post-1697","page","type-page","status-publish","hentry"],"yoast_head":"<!-- This site is optimized with the Yoast SEO plugin v27.5 - https:\/\/yoast.com\/product\/yoast-seo-wordpress\/ -->\n<title>Aviso Legal - Estudio Verna<\/title>\n<meta name=\"robots\" content=\"noindex, nofollow\" \/>\n<meta property=\"og:locale\" content=\"es_ES\" \/>\n<meta property=\"og:type\" content=\"article\" \/>\n<meta property=\"og:title\" content=\"Aviso Legal - Estudio Verna\" \/>\n<meta property=\"og:url\" content=\"https:\/\/estudioverna.com\/es\/aviso-legal\/\" \/>\n<meta property=\"og:site_name\" content=\"Estudio Verna\" \/>\n<meta property=\"article:modified_time\" content=\"2025-03-21T14:57:01+00:00\" \/>\n<meta name=\"twitter:card\" content=\"summary_large_image\" \/>\n<meta name=\"twitter:label1\" content=\"Tiempo de lectura\" \/>\n\t<meta name=\"twitter:data1\" content=\"2 minutos\" \/>\n<script type=\"application\/ld+json\" class=\"yoast-schema-graph\">{\"@context\":\"https:\\\/\\\/schema.org\",\"@graph\":[{\"@type\":\"WebPage\",\"@id\":\"https:\\\/\\\/estudioverna.com\\\/es\\\/aviso-legal\\\/\",\"url\":\"https:\\\/\\\/estudioverna.com\\\/es\\\/aviso-legal\\\/\",\"name\":\"Aviso Legal - Estudio Verna\",\"isPartOf\":{\"@id\":\"https:\\\/\\\/estudioverna.com\\\/#website\"},\"datePublished\":\"2025-03-17T09:47:25+00:00\",\"dateModified\":\"2025-03-21T14:57:01+00:00\",\"breadcrumb\":{\"@id\":\"https:\\\/\\\/estudioverna.com\\\/es\\\/aviso-legal\\\/#breadcrumb\"},\"inLanguage\":\"es\",\"potentialAction\":[{\"@type\":\"ReadAction\",\"target\":[\"https:\\\/\\\/estudioverna.com\\\/es\\\/aviso-legal\\\/\"]}]},{\"@type\":\"BreadcrumbList\",\"@id\":\"https:\\\/\\\/estudioverna.com\\\/es\\\/aviso-legal\\\/#breadcrumb\",\"itemListElement\":[{\"@type\":\"ListItem\",\"position\":1,\"name\":\"Portada\",\"item\":\"https:\\\/\\\/estudioverna.com\\\/es\\\/\"},{\"@type\":\"ListItem\",\"position\":2,\"name\":\"Aviso Legal\"}]},{\"@type\":\"WebSite\",\"@id\":\"https:\\\/\\\/estudioverna.com\\\/#website\",\"url\":\"https:\\\/\\\/estudioverna.com\\\/\",\"name\":\"Estudio Verna\",\"description\":\"Architect in Barcelona \u00b7 Costa Brava\",\"potentialAction\":[{\"@type\":\"SearchAction\",\"target\":{\"@type\":\"EntryPoint\",\"urlTemplate\":\"https:\\\/\\\/estudioverna.com\\\/?s={search_term_string}\"},\"query-input\":{\"@type\":\"PropertyValueSpecification\",\"valueRequired\":true,\"valueName\":\"search_term_string\"}}],\"inLanguage\":\"es\"}]}<\/script>\n<!-- \/ Yoast SEO plugin. -->","yoast_head_json":{"title":"Aviso Legal - Estudio Verna","robots":{"index":"noindex","follow":"nofollow"},"og_locale":"es_ES","og_type":"article","og_title":"Aviso Legal - Estudio Verna","og_url":"https:\/\/estudioverna.com\/es\/aviso-legal\/","og_site_name":"Estudio Verna","article_modified_time":"2025-03-21T14:57:01+00:00","twitter_card":"summary_large_image","twitter_misc":{"Tiempo de lectura":"2 minutos"},"schema":{"@context":"https:\/\/schema.org","@graph":[{"@type":"WebPage","@id":"https:\/\/estudioverna.com\/es\/aviso-legal\/","url":"https:\/\/estudioverna.com\/es\/aviso-legal\/","name":"Aviso Legal - Estudio Verna","isPartOf":{"@id":"https:\/\/estudioverna.com\/#website"},"datePublished":"2025-03-17T09:47:25+00:00","dateModified":"2025-03-21T14:57:01+00:00","breadcrumb":{"@id":"https:\/\/estudioverna.com\/es\/aviso-legal\/#breadcrumb"},"inLanguage":"es","potentialAction":[{"@type":"ReadAction","target":["https:\/\/estudioverna.com\/es\/aviso-legal\/"]}]},{"@type":"BreadcrumbList","@id":"https:\/\/estudioverna.com\/es\/aviso-legal\/#breadcrumb","itemListElement":[{"@type":"ListItem","position":1,"name":"Portada","item":"https:\/\/estudioverna.com\/es\/"},{"@type":"ListItem","position":2,"name":"Aviso Legal"}]},{"@type":"WebSite","@id":"https:\/\/estudioverna.com\/#website","url":"https:\/\/estudioverna.com\/","name":"Estudio Verna","description":"Architect in Barcelona \u00b7 Costa Brava","potentialAction":[{"@type":"SearchAction","target":{"@type":"EntryPoint","urlTemplate":"https:\/\/estudioverna.com\/?s={search_term_string}"},"query-input":{"@type":"PropertyValueSpecification","valueRequired":true,"valueName":"search_term_string"}}],"inLanguage":"es"}]}},"jetpack_shortlink":"https:\/\/wp.me\/PfMXPq-rn","_links":{"self":[{"href":"https:\/\/estudioverna.com\/es\/wp-json\/wp\/v2\/pages\/1697","targetHints":{"allow":["GET"]}}],"collection":[{"href":"https:\/\/estudioverna.com\/es\/wp-json\/wp\/v2\/pages"}],"about":[{"href":"https:\/\/estudioverna.com\/es\/wp-json\/wp\/v2\/types\/page"}],"author":[{"embeddable":true,"href":"https:\/\/estudioverna.com\/es\/wp-json\/wp\/v2\/users\/1"}],"replies":[{"embeddable":true,"href":"https:\/\/estudioverna.com\/es\/wp-json\/wp\/v2\/comments?post=1697"}],"version-history":[{"count":3,"href":"https:\/\/estudioverna.com\/es\/wp-json\/wp\/v2\/pages\/1697\/revisions"}],"predecessor-version":[{"id":1743,"href":"https:\/\/estudioverna.com\/es\/wp-json\/wp\/v2\/pages\/1697\/revisions\/1743"}],"wp:attachment":[{"href":"https:\/\/estudioverna.com\/es\/wp-json\/wp\/v2\/media?parent=1697"}],"curies":[{"name":"wp","href":"https:\/\/api.w.org\/{rel}","templated":true}]}}